{"id":134,"date":"2023-09-27T14:05:22","date_gmt":"2023-09-27T14:05:22","guid":{"rendered":"http:\/\/barankapap.iamadg.com\/home\/?page_id=134"},"modified":"2023-09-27T15:49:20","modified_gmt":"2023-09-27T15:49:20","slug":"ken-nos-ta","status":"publish","type":"page","link":"http:\/\/barankapap.iamadg.com\/home\/ken-nos-ta\/","title":{"rendered":"Ken Nos Ta"},"content":{"rendered":"\n<div class=\"wp-block-columns is-layout-flex wp-container-core-columns-is-layout-28f84493 wp-block-columns-is-layout-flex\">\n<div class=\"wp-block-column is-layout-flow wp-block-column-is-layout-flow\">\n<figure class=\"wp-block-image size-large\"><img loading=\"lazy\" decoding=\"async\" width=\"1024\" height=\"708\" src=\"http:\/\/barankapap.iamadg.com\/home\/wp-content\/uploads\/2023\/09\/DSC_0141-1024x708.jpg\" alt=\"\" class=\"wp-image-40\" style=\"aspect-ratio:3\/4;object-fit:cover\" srcset=\"http:\/\/barankapap.iamadg.com\/home\/wp-content\/uploads\/2023\/09\/DSC_0141-1024x708.jpg 1024w, http:\/\/barankapap.iamadg.com\/home\/wp-content\/uploads\/2023\/09\/DSC_0141-300x207.jpg 300w, http:\/\/barankapap.iamadg.com\/home\/wp-content\/uploads\/2023\/09\/DSC_0141-768x531.jpg 768w, http:\/\/barankapap.iamadg.com\/home\/wp-content\/uploads\/2023\/09\/DSC_0141-1536x1062.jpg 1536w, http:\/\/barankapap.iamadg.com\/home\/wp-content\/uploads\/2023\/09\/DSC_0141-2048x1416.jpg 2048w, http:\/\/barankapap.iamadg.com\/home\/wp-content\/uploads\/2023\/09\/DSC_0141-1170x809.jpg 1170w\" sizes=\"auto, (max-width: 1024px) 100vw, 1024px\" \/><\/figure>\n<\/div>\n\n\n\n<div class=\"wp-block-column is-layout-flow wp-block-column-is-layout-flow\">\n<p>Baranka di Restorashon a wordu funda na mei 1987, dor di Pastor Karel Heinz. For di a\u00f1a 2002, e Iglesia ta wordu pastoria pa Pastor Ramiro Richards i su esposa Tamara Richards, dedikando nan bida kompletamente na Dios pa e trabou di DIOS kual ta, yuda personannan den tur tipo di nesesidat. Pastor Ramiro: Kerido ruman den Kristu, mi no sa den ki situashon bo ta den bo bida na e momentu aki, pero ami Pastor Ramiro Richards, ke inkurashabo pa hasi Kristu e Se\u00f1or di bo bida I laga Kristu goberna den bo bida. Den Su Palabra(e Beibel) E ta bias: Bati i lo mi habri, buska i lo bo hanja. Awe Se\u00f1or ta wardando bo bati na Su porta pa E bin biba den bo kurason. Dios tin un plan i proposito ku bo bida i sa ku nada no ta imposibel pa nos Se\u00f1or, nos Dios, jamas E lo bandonabo of lagabo desampara. DIOS STIMA BO! DIOS BENDISHONA BO!<\/p>\n<\/div>\n<\/div>\n\n\n\n<h2 class=\"wp-block-heading\">Nos metodo<\/h2>\n\n\n\n<p>Pa medio di orashon i adorashon toka kurason di Dios den un forma personal pa asina:<\/p>\n\n\n\n<ul class=\"wp-block-list\">\n<li>Palabra di Dios bira un praktika diario den nos bida, pa Kristu por ser mira na nos dor di otro personanan<\/li>\n\n\n\n<li>Passion; nos Amor pa Dios<\/li>\n\n\n\n<li>Enfoke riba personanan den nesesidat, trahando riba relashonnan<\/li>\n\n\n\n<li>Pa allanan ku ta komparti e kurason di Dios ta un lus p\u00e5 almanan perdi<\/li>\n\n\n\n<li>Un plan di akshon pa hasi un diferensha AWOR na Boneiru&#8221;<\/li>\n<\/ul>\n\n\n\n<p>Pa medio di seminario, konferensia i kampamentu nos ta edifik\u00e1 e miembro nan i tur persona den comunidad pa krese den nan f\u00e9 den Christu. Pastoor Ramiro y Tamara tin un pashon masa grandi pa hoben nan. For di a\u00f1a 2003, nos ta organisa Rock Camp pa e hoben nan, den kual nos ta edifik\u00e1, enkurash\u00e1 y motiv\u00e1 nos hoben nan pa krese den nan relashon ku Hesus Cristu<\/p>\n\n\n\n<h2 class=\"wp-block-heading\">Kiko nos keriensia ta?<\/h2>\n\n\n\n<div class=\"wp-block-columns is-layout-flex wp-container-core-columns-is-layout-28f84493 wp-block-columns-is-layout-flex\">\n<div class=\"wp-block-column is-layout-flow wp-block-column-is-layout-flow\">\n<figure class=\"wp-block-image aligncenter size-full is-style-default\"><img loading=\"lazy\" decoding=\"async\" width=\"2560\" height=\"1980\" src=\"http:\/\/barankapap.iamadg.com\/home\/wp-content\/uploads\/2023\/09\/DSC_0220-scaled.jpg\" alt=\"\" class=\"wp-image-12\" style=\"aspect-ratio:9\/16;object-fit:cover\" srcset=\"http:\/\/barankapap.iamadg.com\/home\/wp-content\/uploads\/2023\/09\/DSC_0220-scaled.jpg 2560w, http:\/\/barankapap.iamadg.com\/home\/wp-content\/uploads\/2023\/09\/DSC_0220-300x232.jpg 300w, http:\/\/barankapap.iamadg.com\/home\/wp-content\/uploads\/2023\/09\/DSC_0220-1024x792.jpg 1024w, http:\/\/barankapap.iamadg.com\/home\/wp-content\/uploads\/2023\/09\/DSC_0220-768x594.jpg 768w, http:\/\/barankapap.iamadg.com\/home\/wp-content\/uploads\/2023\/09\/DSC_0220-1536x1188.jpg 1536w, http:\/\/barankapap.iamadg.com\/home\/wp-content\/uploads\/2023\/09\/DSC_0220-2048x1584.jpg 2048w\" sizes=\"auto, (max-width: 2560px) 100vw, 2560px\" \/><\/figure>\n<\/div>\n\n\n\n<div class=\"wp-block-column is-layout-flow wp-block-column-is-layout-flow\">\n<p>E outoridat absoluto di e Palabra di e DIOS bibu ku no ta kambia. Henter skritura ta inspira pa DIOS i ta util pa duna ense\u00f1ansa, i pa instrui kon pa biba rekto. (2 Tim.3:16; 2 Pet.1:20-21)<br><br><strong>Salbashon<\/strong>:&nbsp;E trabou finalisa dor di kristu Hesus, YU di Dios inkarna, na krus di Kalvario I Su resurekshon.Rom.5:9\/\/ Thess.5:9-10\/ Hebr.5:8-9<br><br><strong>Boutismo di Spiritu Santu<\/strong>:&nbsp;Evidensia dor di papia den lenga I praktikando su don. Echonan 2:1-4<br><br><strong>Ministerio di Rekonsiliashon<\/strong>:&nbsp;Un di e sinku parti di regalo na Ministerio di Iglesia. 2 Kor.5:18-20 \/\/Koloss.1:20 \/\/ Hebr.2:17 \/\/Efes.4:11-13<br><br><strong>Sanashon i Milagernan<\/strong>:&nbsp;Dor di e heridanan i e sanger di Hesus Kristu. Mat.10:1 \/\/Marco 16:20 \/\/ 1 Korint. 12:4-11 \/\/Huan 5:13-15<br><br><strong>Ultimo Huisio<\/strong>:&nbsp;Fierno lo ta destino Final pa tur ku no ke risibi e iglesia di e Reino di Dios. Rev.20:15 \/\/Luk. 12:5<br><br><strong>Segundo binida<\/strong>:&nbsp;Di nos Se\u00f1or i Salbador Kristu Hesus. Mateo 24:30 \/\/Luk.21:26-27 || 1 Thes.4:16-17 \/\/Titus 2:13\/\/Rev. 19:7-9&#8243;<\/p>\n<\/div>\n<\/div>\n\n\n\n<h2 class=\"wp-block-heading\">Un Vishon, un Mishon i un Unshon<\/h2>\n\n\n\n<p>E nomber di ku Dios a duna nos iglesia ya kaba ta yuda nos kompronde e vishon i mishon ku Dios a duna nos. Dios a duna Iglesia Baranka di Restorashon \u2018Un vishon\u2019 pa kumpli ku n\u00e9.&#8221;<\/p>\n\n\n\n<h2 class=\"wp-block-heading\">Nos Vishon<\/h2>\n\n\n\n<p>Pa trese RESTORASHON DEN BIDANAN, RELASHON, MATRIMONIONAN, FAMIA, IGLESIA, KOMMUNIDAD, I BONEIRU<\/p>\n\n\n\n<p>E palabra di Dios ta bisa den Habakuk 2: 2-3 e importansia di skirbi nos Vishon.<br>For di kuminsamentu Dios ta bisa ku e ta bai Restor\u00e1 tur loke satanas a destrui.<br><br>1. Restorashon di Bidanan: Juan 3:16, 10:10<br>2. Restorashon di Relashonnan: Mal. 4:6<br>3. Restorashon di Matrimonionan: Mal. 4:6<br>4. Restorashon di Famianan: Job 42: 10-17<br>5. Restorashon di Iglesia: Ech. 3:19-21<br>6. Restorashon di Komunidat: Ech. 3:21<br>7. Restorashon di Boneiru: Ech. 3:21<br><br>Esaki ta e Vishon ku Dios a duna nos Iglesia<\/p>\n\n\n\n<h2 class=\"wp-block-heading\">Nos Iglesia<\/h2>\n\n\n\n<div class=\"wp-block-columns is-layout-flex wp-container-core-columns-is-layout-28f84493 wp-block-columns-is-layout-flex\">\n<div class=\"wp-block-column is-layout-flow wp-block-column-is-layout-flow\">\n<figure class=\"wp-block-image size-large is-resized\"><img loading=\"lazy\" decoding=\"async\" src=\"http:\/\/barankapap.iamadg.com\/home\/wp-content\/uploads\/2023\/09\/DSC_0092-1024x711.jpg\" alt=\"\" class=\"wp-image-25\" style=\"object-fit:cover;width:363px;height:242px\" width=\"363\" height=\"242\"\/><\/figure>\n<\/div>\n\n\n\n<div class=\"wp-block-column is-layout-flow wp-block-column-is-layout-flow\">\n<figure class=\"wp-block-image size-large is-resized\"><img loading=\"lazy\" decoding=\"async\" src=\"http:\/\/barankapap.iamadg.com\/home\/wp-content\/uploads\/2023\/09\/DSC_0135-1024x663.jpg\" alt=\"\" class=\"wp-image-52\" style=\"object-fit:cover;width:363px;height:242px\" width=\"363\" height=\"242\"\/><\/figure>\n<\/div>\n<\/div>\n\n\n\n<div class=\"wp-block-columns is-layout-flex wp-container-core-columns-is-layout-28f84493 wp-block-columns-is-layout-flex\">\n<div class=\"wp-block-column is-layout-flow wp-block-column-is-layout-flow\">\n<figure class=\"wp-block-image size-large is-resized\"><img loading=\"lazy\" decoding=\"async\" src=\"http:\/\/barankapap.iamadg.com\/home\/wp-content\/uploads\/2023\/09\/DSC_0144-1024x683.jpg\" alt=\"\" class=\"wp-image-41\" style=\"object-fit:cover;width:363px;height:242px\" width=\"363\" height=\"242\" srcset=\"http:\/\/barankapap.iamadg.com\/home\/wp-content\/uploads\/2023\/09\/DSC_0144-1024x683.jpg 1024w, http:\/\/barankapap.iamadg.com\/home\/wp-content\/uploads\/2023\/09\/DSC_0144-300x200.jpg 300w, http:\/\/barankapap.iamadg.com\/home\/wp-content\/uploads\/2023\/09\/DSC_0144-768x512.jpg 768w, http:\/\/barankapap.iamadg.com\/home\/wp-content\/uploads\/2023\/09\/DSC_0144-1536x1024.jpg 1536w, http:\/\/barankapap.iamadg.com\/home\/wp-content\/uploads\/2023\/09\/DSC_0144-2048x1365.jpg 2048w, http:\/\/barankapap.iamadg.com\/home\/wp-content\/uploads\/2023\/09\/DSC_0144-1170x780.jpg 1170w\" sizes=\"auto, (max-width: 363px) 100vw, 363px\" \/><\/figure>\n<\/div>\n\n\n\n<div class=\"wp-block-column is-layout-flow wp-block-column-is-layout-flow\">\n<figure class=\"wp-block-image size-large is-resized\"><img loading=\"lazy\" decoding=\"async\" src=\"http:\/\/barankapap.iamadg.com\/home\/wp-content\/uploads\/2023\/09\/DSC_0222-1024x683.jpg\" alt=\"\" class=\"wp-image-13\" style=\"object-fit:cover;width:363px;height:242px\" width=\"363\" height=\"242\" srcset=\"http:\/\/barankapap.iamadg.com\/home\/wp-content\/uploads\/2023\/09\/DSC_0222-1024x683.jpg 1024w, http:\/\/barankapap.iamadg.com\/home\/wp-content\/uploads\/2023\/09\/DSC_0222-300x200.jpg 300w, http:\/\/barankapap.iamadg.com\/home\/wp-content\/uploads\/2023\/09\/DSC_0222-768x512.jpg 768w, http:\/\/barankapap.iamadg.com\/home\/wp-content\/uploads\/2023\/09\/DSC_0222-1536x1024.jpg 1536w, http:\/\/barankapap.iamadg.com\/home\/wp-content\/uploads\/2023\/09\/DSC_0222-2048x1365.jpg 2048w\" sizes=\"auto, (max-width: 363px) 100vw, 363px\" \/><\/figure>\n<\/div>\n<\/div>\n\n\n\n<h2 class=\"wp-block-heading\">Nos Historia<\/h2>\n\n\n\n<p>Konhuntamente ku iglesia Bida Nobo di K\u00f2rsou I Asamblea di Dios di Merka, a kumins\u00e1 un iglesia na Boneiru. Dia 24 di April 1987 riba un djabi\u00e8rn\u00e9 un pareha h\u00f3ben ku a kaba di kumpli 4 luna kasa, Lionel Wiel i su esposa Yessie Wiel a bin pa kumins\u00e1 ku un obra pa Se\u00f1or. Huntu ku e misionero Karl Heinz Heistermann i su kasa Renata, nan a kumins\u00e1 testifika den tur bario nan di Boneiru. Spesialmente Antriol, Lagun i Nikiboko. Nan tabata evangelis\u00e1 di kas pa kas i gana almanan pa media di e b\u00e8rdat.<br><br>Dia 9 di mei 1987 nan a kumins\u00e1 ku sirbishi tur djaluna den Sentro di bario Antriol ku 12 hende i kuminsamentu di yuni nan a kumins\u00e1 ku kampana bou di t\u00e8nt na Antriol riba un terreno bashi, dilanti di kaya bulad\u00f3 number dos.<br>Durante tres luna largu, nan tabata evangelis\u00e1 r\u00f2nt Boneiru ku yudansa de grupo nan voluntario for di Marka ku a bini pa sosten\u00e9 nan.<br><br>Despu\u00e9s di e tres lunanan aki, nan a kumins\u00e1 ku sirbishinan tur djaluna, djaraason, djabi\u00e8rn\u00e8, i djadumingu nan tabatatin zondagschool. Tur sirbishi tabata tuma lug\u00e1 na kas di pastor Wiel.<br>Prom\u00e9 na Kaya bulado number dos, i despu\u00e9s na kaya Zuit Nikiboko. Na a\u00f1a 1990 nos a kumpra un terreno na Kaya Zuit Nikiboko. Huntu ku e misioneronan Karl Heinz Heistermann i su esposa Renata Heistermann i ku yudansa di meikanonan for di Merka i miembronan local, nos a kumins\u00e1 konstru\u00ed e iglesia i e kas pastoral. Na a\u00f1a 1992 e misioneronan Heistermann mester a bai Merka bek. Na 1994 pastor Lionel Wiel i su esposa Yessie Wiel a pasa e obra pa Eric Alberga di Aruba.<br><br><\/p>\n","protected":false},"excerpt":{"rendered":"<p>Baranka di Restorashon a wordu funda na mei 1987, dor di Pastor Karel Heinz. For di a\u00f1a 2002, e Iglesia ta wordu pastoria pa Pastor Ramiro Richards i su esposa [&hellip;]<\/p>\n","protected":false},"author":1,"featured_media":0,"parent":0,"menu_order":0,"comment_status":"closed","ping_status":"closed","template":"page-container-wide","meta":{"footnotes":""},"class_list":["post-134","page","type-page","status-publish","hentry"],"_links":{"self":[{"href":"http:\/\/barankapap.iamadg.com\/home\/wp-json\/wp\/v2\/pages\/134","targetHints":{"allow":["GET"]}}],"collection":[{"href":"http:\/\/barankapap.iamadg.com\/home\/wp-json\/wp\/v2\/pages"}],"about":[{"href":"http:\/\/barankapap.iamadg.com\/home\/wp-json\/wp\/v2\/types\/page"}],"author":[{"embeddable":true,"href":"http:\/\/barankapap.iamadg.com\/home\/wp-json\/wp\/v2\/users\/1"}],"replies":[{"embeddable":true,"href":"http:\/\/barankapap.iamadg.com\/home\/wp-json\/wp\/v2\/comments?post=134"}],"version-history":[{"count":3,"href":"http:\/\/barankapap.iamadg.com\/home\/wp-json\/wp\/v2\/pages\/134\/revisions"}],"predecessor-version":[{"id":162,"href":"http:\/\/barankapap.iamadg.com\/home\/wp-json\/wp\/v2\/pages\/134\/revisions\/162"}],"wp:attachment":[{"href":"http:\/\/barankapap.iamadg.com\/home\/wp-json\/wp\/v2\/media?parent=134"}],"curies":[{"name":"wp","href":"https:\/\/api.w.org\/{rel}","templated":true}]}}